{"id":9655,"date":"2019-12-20T09:50:56","date_gmt":"2019-12-20T07:50:56","guid":{"rendered":"http:\/\/www.walderchristian.com\/fotogalerie\/?page_id=9655"},"modified":"2019-12-20T09:53:54","modified_gmt":"2019-12-20T07:53:54","slug":"teaserbild-190-jahre-bundesmusikkapelle-strassen","status":"publish","type":"page","link":"https:\/\/www.walderchristian.com\/fotogalerie\/?page_id=9655","title":{"rendered":"Teaserbild &#8222;190 Jahre BMK Strassen&#8220;"},"content":{"rendered":"<p>Herbst 2018 bis Fr\u00fchjahr 2019<br \/>\nTeaserbild zum Bezirksmusikfest Pustertal-Oberland<br \/>\n190 Jahre Bundesmusikkapelle Strassen<br \/>\nArbeitszeit: ca. 42 h f\u00fcr Fotobearbeitung + Layout der Drucksorten<\/p>\n<p>Das Bild wurde f\u00fcr Werbung und s\u00e4mtliche Drucksorten verwendet<br \/>\n(u.a. Bannerwerbungen mit 4&#215;2 Meter!!)<\/p>\n<p>Das Bild entstand in Adobe Photoshop CC, hier ein kurzes Video mit der Ebenenstruktur:<\/p>\n<p><object width=\"700\" height=\"420\" classid=\"clsid:d27cdb6e-ae6d-11cf-96b8-444553540000\" codebase=\"http:\/\/download.macromedia.com\/pub\/shockwave\/cabs\/flash\/swflash.cab#version=6,0,40,0\" data-mce-fragment=\"1\"><param name=\"allowFullScreen\" value=\"true\" \/><span style=\"display: inline-block; width: 0px; overflow: hidden; line-height: 0;\" data-mce-type=\"bookmark\" class=\"mce_SELRES_start\">\ufeff<\/span><param name=\"src\" value=\"http:\/\/www.youtube.com\/v\/R7hgCBVo6JQ&amp;hd=1&amp;ap=%2526fmt%3D22&amp;autoplay=1&amp;rel=0&amp;fs=1&amp;color1=0x3a3a3a&amp;color2=0x999999&amp;border=0&amp;loop=0&amp;showinfo=0&amp;hd=1&amp;fmt=22\" \/><span style=\"display: inline-block; width: 0px; overflow: hidden; line-height: 0;\" data-mce-type=\"bookmark\" class=\"mce_SELRES_end\">\ufeff<\/span><param name=\"allowfullscreen\" value=\"true\" \/><embed type=\"application\/x-shockwave-flash\" src=\"http:\/\/www.youtube.com\/v\/R7hgCBVo6JQ&amp;hd=1&amp;ap=%2526fmt%3D22&amp;autoplay=1&amp;rel=0&amp;fs=1&amp;color1=0x3a3a3a&amp;color2=0x999999&amp;border=0&amp;loop=0&amp;showinfo=0&amp;hd=1&amp;fmt=22\" allowfullscreen=\"allowfullscreen\" width=\"700\" height=\"420\" \/><\/object><\/p>\n","protected":false},"excerpt":{"rendered":"<p>Herbst 2018 bis Fr\u00fchjahr 2019 Teaserbild zum Bezirksmusikfest Pustertal-Oberland 190 Jahre Bundesmusikkapelle Strassen Arbeitszeit: ca. 42 h f\u00fcr Fotobearbeitung + Layout der Drucksorten Das Bild wurde f\u00fcr Werbung und s\u00e4mtliche Drucksorten verwendet (u.a. Bannerwerbungen mit 4&#215;2 Meter!!) Das Bild entstand in Adobe Photoshop CC, hier ein kurzes Video mit der Ebenenstruktur: \ufeff\ufeff<\/p>\n","protected":false},"author":1,"featured_media":0,"parent":0,"menu_order":0,"comment_status":"closed","ping_status":"closed","template":"","meta":{"_mi_skip_tracking":false,"_exactmetrics_sitenote_active":false,"_exactmetrics_sitenote_note":"","_exactmetrics_sitenote_category":0},"_links":{"self":[{"href":"https:\/\/www.walderchristian.com\/fotogalerie\/index.php?rest_route=\/wp\/v2\/pages\/9655"}],"collection":[{"href":"https:\/\/www.walderchristian.com\/fotogalerie\/index.php?rest_route=\/wp\/v2\/pages"}],"about":[{"href":"https:\/\/www.walderchristian.com\/fotogalerie\/index.php?rest_route=\/wp\/v2\/types\/page"}],"author":[{"embeddable":true,"href":"https:\/\/www.walderchristian.com\/fotogalerie\/index.php?rest_route=\/wp\/v2\/users\/1"}],"replies":[{"embeddable":true,"href":"https:\/\/www.walderchristian.com\/fotogalerie\/index.php?rest_route=%2Fwp%2Fv2%2Fcomments&post=9655"}],"version-history":[{"count":3,"href":"https:\/\/www.walderchristian.com\/fotogalerie\/index.php?rest_route=\/wp\/v2\/pages\/9655\/revisions"}],"predecessor-version":[{"id":9659,"href":"https:\/\/www.walderchristian.com\/fotogalerie\/index.php?rest_route=\/wp\/v2\/pages\/9655\/revisions\/9659"}],"wp:attachment":[{"href":"https:\/\/www.walderchristian.com\/fotogalerie\/index.php?rest_route=%2Fwp%2Fv2%2Fmedia&parent=9655"}],"curies":[{"name":"wp","href":"https:\/\/api.w.org\/{rel}","templated":true}]}}