{"id":747,"date":"2013-10-21T20:09:30","date_gmt":"2013-10-21T18:09:30","guid":{"rendered":"http:\/\/www.walderchristian.com\/fotogalerie\/?page_id=747"},"modified":"2014-03-28T23:30:05","modified_gmt":"2014-03-28T21:30:05","slug":"referenzen","status":"publish","type":"page","link":"https:\/\/www.walderchristian.com\/fotogalerie\/?page_id=747","title":{"rendered":"Referenzen"},"content":{"rendered":"<p><strong>Medien (Print, Online)<\/strong><\/p>\n<ul>\n<li>Brunner Images<\/li>\n<li>Osttirol Journal<\/li>\n<li>osttirol-heute.at<\/li>\n<\/ul>\n<p><strong>Vereine, K\u00f6rperschaften<\/strong><\/p>\n<ul>\n<li>Musikkapelle Abfaltersbach<\/li>\n<li>Freiwillige Feuerwehr Abfaltersbach<\/li>\n<li>Chor Belcanto Abfaltersbach<\/li>\n<li>Sch\u00fctzenkompanie Abfaltersbach<\/li>\n<li>Sportunion Abfaltersbach<\/li>\n<li>Jugendheimb\u00fchne Abfaltersbach<\/li>\n<li>Krampusverein Abfaltersbach<\/li>\n<li>Bundesmusikkapelle Strassen<\/li>\n<li>M\u00e4nnerchor Strassen<\/li>\n<li>Freiwillige Feuerwehr Strassen<\/li>\n<li>EC Sillian Bulls<\/li>\n<li>Gemeinde Abfaltersbach<\/li>\n<\/ul>\n<p><strong>Unternehmen<\/strong><\/p>\n<ul>\n<li>OSG, Lienz<\/li>\n<li>Tischlerei Wieser, Strassen<\/li>\n<li>Heilmasseur Tengg Rudi, Abfaltersbach<\/li>\n<\/ul>\n","protected":false},"excerpt":{"rendered":"<p>Medien (Print, Online) Brunner Images Osttirol Journal osttirol-heute.at Vereine, K\u00f6rperschaften Musikkapelle Abfaltersbach Freiwillige Feuerwehr Abfaltersbach Chor Belcanto Abfaltersbach Sch\u00fctzenkompanie Abfaltersbach Sportunion Abfaltersbach Jugendheimb\u00fchne Abfaltersbach Krampusverein Abfaltersbach Bundesmusikkapelle Strassen M\u00e4nnerchor Strassen Freiwillige Feuerwehr Strassen EC Sillian Bulls Gemeinde Abfaltersbach Unternehmen OSG, Lienz Tischlerei Wieser, Strassen Heilmasseur Tengg Rudi, Abfaltersbach<\/p>\n","protected":false},"author":1,"featured_media":0,"parent":0,"menu_order":0,"comment_status":"closed","ping_status":"closed","template":"","meta":{"_mi_skip_tracking":false,"_exactmetrics_sitenote_active":false,"_exactmetrics_sitenote_note":"","_exactmetrics_sitenote_category":0},"_links":{"self":[{"href":"https:\/\/www.walderchristian.com\/fotogalerie\/index.php?rest_route=\/wp\/v2\/pages\/747"}],"collection":[{"href":"https:\/\/www.walderchristian.com\/fotogalerie\/index.php?rest_route=\/wp\/v2\/pages"}],"about":[{"href":"https:\/\/www.walderchristian.com\/fotogalerie\/index.php?rest_route=\/wp\/v2\/types\/page"}],"author":[{"embeddable":true,"href":"https:\/\/www.walderchristian.com\/fotogalerie\/index.php?rest_route=\/wp\/v2\/users\/1"}],"replies":[{"embeddable":true,"href":"https:\/\/www.walderchristian.com\/fotogalerie\/index.php?rest_route=%2Fwp%2Fv2%2Fcomments&post=747"}],"version-history":[{"count":6,"href":"https:\/\/www.walderchristian.com\/fotogalerie\/index.php?rest_route=\/wp\/v2\/pages\/747\/revisions"}],"predecessor-version":[{"id":1046,"href":"https:\/\/www.walderchristian.com\/fotogalerie\/index.php?rest_route=\/wp\/v2\/pages\/747\/revisions\/1046"}],"wp:attachment":[{"href":"https:\/\/www.walderchristian.com\/fotogalerie\/index.php?rest_route=%2Fwp%2Fv2%2Fmedia&parent=747"}],"curies":[{"name":"wp","href":"https:\/\/api.w.org\/{rel}","templated":true}]}}